{"id":9823,"date":"2021-03-23T10:45:58","date_gmt":"2021-03-23T07:45:58","guid":{"rendered":"https:\/\/kvarken.org\/?page_id=9823"},"modified":"2026-03-05T12:28:52","modified_gmt":"2026-03-05T09:28:52","slug":"come-work-with-us","status":"publish","type":"page","link":"https:\/\/www.kvarken.org\/en\/come-work-with-us\/","title":{"rendered":"Come work with us"},"content":{"rendered":"<p>[et_pb_section fb_built=&#8221;1&#8243; custom_padding_last_edited=&#8221;on|tablet&#8221; _builder_version=&#8221;4.16&#8243; _module_preset=&#8221;default&#8221; background_image=&#8221;https:\/\/www.kvarken.org\/wp-content\/uploads\/2020\/12\/Kvarkenradet_bilder_webb_header2-scaled.jpg&#8221; background_position=&#8221;bottom_right&#8221; custom_padding=&#8221;||100px||false|false&#8221; custom_padding_tablet=&#8221;||0px||false|false&#8221; custom_padding_phone=&#8221;&#8221; background_last_edited=&#8221;on|tablet&#8221; use_background_color_gradient_tablet=&#8221;on&#8221; background_color_gradient_stops_tablet=&#8221;rgba(0,42,60,0.5) 0%|rgba(0,42,60,0.5) 100%&#8221; background_color_gradient_stops_phone=&#8221;rgba(0,42,60,0.5) 0%|rgba(0,42,60,0.5) 100%&#8221; background_color_gradient_overlays_image_tablet=&#8221;on&#8221; background_color_gradient_start_tablet=&#8221;rgba(0,42,60,0.5)&#8221; background_color_gradient_start_phone=&#8221;rgba(0,42,60,0.5)&#8221; background_color_gradient_end_tablet=&#8221;rgba(0,42,60,0.5)&#8221; background_color_gradient_end_phone=&#8221;rgba(0,42,60,0.5)&#8221; background_image_tablet=&#8221;https:\/\/www.kvarken.org\/wp-content\/uploads\/2020\/12\/EdelPhoto-14-1-scaled.jpg&#8221; background_image_phone=&#8221;https:\/\/www.kvarken.org\/wp-content\/uploads\/2020\/12\/EdelPhoto-14-1-scaled.jpg&#8221; background_enable_image_tablet=&#8221;on&#8221; background_enable_image_phone=&#8221;on&#8221; parallax_tablet=&#8221;off&#8221; background_size_tablet=&#8221;cover&#8221; background_position_tablet=&#8221;top_left&#8221; background_position_phone=&#8221;top_left&#8221; custom_css_main_element=&#8221;overflow: hidden;&#8221; saved_tabs=&#8221;all&#8221; locked=&#8221;off&#8221; global_colors_info=&#8221;{}&#8221; custom_css_main_element_last_edited=&#8221;off|desktop&#8221; title_text_tablet=&#8221;EdelPhoto-12@2x&#8221; title_text_phone=&#8221;EdelPhoto-12@2x&#8221;][et_pb_row _builder_version=&#8221;4.16&#8243; _module_preset=&#8221;default&#8221; background_color=&#8221;rgba(0,0,0,0)&#8221; background_enable_image=&#8221;off&#8221; background_position=&#8221;bottom_center&#8221; positioning=&#8221;absolute&#8221; position_origin_a=&#8221;center_left&#8221; horizontal_offset=&#8221;-194px&#8221; z_index=&#8221;2&#8243; width=&#8221;1500px&#8221; max_width=&#8221;75%&#8221; height=&#8221;711px&#8221; custom_margin=&#8221;||||false|false&#8221; custom_margin_tablet=&#8221;|-500px|||false|false&#8221; custom_margin_phone=&#8221;|-600px|||false|false&#8221; custom_margin_last_edited=&#8221;on|phone&#8221; scroll_vertical_motion=&#8221;0|50|50|100|4|0|1&#8243; global_colors_info=&#8221;{}&#8221;][et_pb_column type=&#8221;4_4&#8243; _builder_version=&#8221;4.16&#8243; _module_preset=&#8221;default&#8221; global_colors_info=&#8221;{}&#8221;][et_pb_image src=&#8221;https:\/\/www.kvarken.org\/wp-content\/uploads\/2020\/11\/Form3_morkbla.png&#8221; alt=&#8221;Form3_morkbla&#8221; title_text=&#8221;Form3_morkbla&#8221; disabled_on=&#8221;on|on|off&#8221; _builder_version=&#8221;4.16&#8243; _module_preset=&#8221;default&#8221; positioning=&#8221;absolute&#8221; position_origin_a=&#8221;center_left&#8221; horizontal_offset=&#8221;-140px&#8221; horizontal_offset_tablet=&#8221;&#8221; horizontal_offset_phone=&#8221;-257px&#8221; horizontal_offset_last_edited=&#8221;on|phone&#8221; position_origin_a_tablet=&#8221;&#8221; position_origin_a_phone=&#8221;center_center&#8221; position_origin_a_last_edited=&#8221;on|phone&#8221; position_origin_f_tablet=&#8221;&#8221; position_origin_f_phone=&#8221;&#8221; position_origin_f_last_edited=&#8221;on|phone&#8221; position_origin_r_tablet=&#8221;&#8221; position_origin_r_phone=&#8221;&#8221; position_origin_r_last_edited=&#8221;on|phone&#8221; width=&#8221;100%&#8221; width_tablet=&#8221;1200px&#8221; width_phone=&#8221;&#8221; width_last_edited=&#8221;on|phone&#8221; max_width=&#8221;75vw&#8221; max_width_tablet=&#8221;150%&#8221; max_width_phone=&#8221;910px&#8221; max_width_last_edited=&#8221;on|phone&#8221; min_height=&#8221;1300px&#8221; min_height_tablet=&#8221;600px&#8221; min_height_phone=&#8221;&#8221; min_height_last_edited=&#8221;on|tablet&#8221; custom_margin_tablet=&#8221;-120px||||false|false&#8221; custom_margin_phone=&#8221;&#8221; custom_margin_last_edited=&#8221;on|phone&#8221; positioning_tablet=&#8221;&#8221; positioning_phone=&#8221;&#8221; positioning_last_edited=&#8221;on|phone&#8221; global_colors_info=&#8221;{}&#8221;][\/et_pb_image][\/et_pb_column][\/et_pb_row][et_pb_row _builder_version=&#8221;4.16&#8243; _module_preset=&#8221;default&#8221; global_colors_info=&#8221;{}&#8221;][et_pb_column type=&#8221;4_4&#8243; _builder_version=&#8221;4.16&#8243; _module_preset=&#8221;default&#8221; global_colors_info=&#8221;{}&#8221;][et_pb_text _builder_version=&#8221;4.16&#8243; _module_preset=&#8221;default&#8221; text_text_color=&#8221;#ffffff&#8221; header_font=&#8221;|300|||||||&#8221; header_text_color=&#8221;#ffffff&#8221; header_font_size=&#8221;54px&#8221; header_line_height=&#8221;1.2em&#8221; module_alignment=&#8221;center&#8221; custom_margin=&#8221;||20px||false|false&#8221; custom_padding=&#8221;||||false|false&#8221; header_font_size_tablet=&#8221;54px&#8221; header_font_size_phone=&#8221;42px&#8221; header_font_size_last_edited=&#8221;on|phone&#8221; global_colors_info=&#8221;{}&#8221;]<\/p>\n<p>MED KVARKENR\u00c5DET MOT FRAMTIDEN<\/p>\n<h1>Jobba hos oss<\/h1>\n<p>[\/et_pb_text][et_pb_divider color=&#8221;#ffffff&#8221; _builder_version=&#8221;4.16&#8243; _module_preset=&#8221;default&#8221; width=&#8221;100px&#8221; module_alignment=&#8221;left&#8221; custom_margin=&#8221;||20px||false|false&#8221; global_colors_info=&#8221;{}&#8221;][\/et_pb_divider][et_pb_text _builder_version=&#8221;4.16&#8243; _module_preset=&#8221;default&#8221; text_font=&#8221;|300|||||||&#8221; text_text_color=&#8221;#ffffff&#8221; max_width=&#8221;480px&#8221; module_alignment=&#8221;left&#8221; custom_margin=&#8221;||||false|false&#8221; custom_padding=&#8221;||||false|false&#8221; global_colors_info=&#8221;{}&#8221;]Var med och p\u00e5verka Kvarkenregionens framtid och utveckling genom att jobba f\u00f6r oss! Vi erbjuder en dynamisk arbetsplats i en region d\u00e4r intresset och k\u00e4nslan f\u00f6r det nordiska samarbetet \u00e4r stort och d\u00e4r samh\u00e4llet i \u00f6vrigt utvecklas v\u00e4ldigt positivt. [\/et_pb_text][\/et_pb_column][\/et_pb_row][\/et_pb_section][et_pb_section fb_built=&#8221;1&#8243; _builder_version=&#8221;4.27.6&#8243; _module_preset=&#8221;default&#8221; custom_margin=&#8221;0px||||false|false&#8221; custom_padding=&#8221;0px||||false|false&#8221; hover_enabled=&#8221;0&#8243; global_colors_info=&#8221;{}&#8221; background_color=&#8221;#002A3C&#8221; sticky_enabled=&#8221;0&#8243;][et_pb_row _builder_version=&#8221;4.16&#8243; _module_preset=&#8221;default&#8221; positioning=&#8221;absolute&#8221; position_origin_a=&#8221;center_left&#8221; z_index=&#8221;14&#8243; width=&#8221;100%&#8221; max_width=&#8221;100%&#8221; global_colors_info=&#8221;{}&#8221;][et_pb_column type=&#8221;4_4&#8243; _builder_version=&#8221;4.16&#8243; _module_preset=&#8221;default&#8221; global_colors_info=&#8221;{}&#8221;][et_pb_image src=&#8221;https:\/\/www.kvarken.org\/wp-content\/uploads\/2020\/11\/Hojdkurvor_03-1024&#215;1002.png&#8221; alt=&#8221;Czech Solutions for Electric Aviation&#8221; title_text=&#8221;Hojdkurvor_03&#8243; _builder_version=&#8221;4.16&#8243; _module_preset=&#8221;default&#8221; positioning=&#8221;absolute&#8221; position_origin_a=&#8221;center_left&#8221; horizontal_offset=&#8221;-460px&#8221; width=&#8221;680px&#8221; global_colors_info=&#8221;{}&#8221;][\/et_pb_image][\/et_pb_column][\/et_pb_row][\/et_pb_section][et_pb_section fb_built=&#8221;1&#8243; _builder_version=&#8221;4.27.6&#8243; _module_preset=&#8221;default&#8221; hover_enabled=&#8221;0&#8243; global_colors_info=&#8221;{}&#8221; sticky_enabled=&#8221;0&#8243; background_color=&#8221;#002A3C&#8221;][et_pb_row _builder_version=&#8221;4.27.6&#8243; _module_preset=&#8221;default&#8221;][et_pb_column _builder_version=&#8221;4.27.6&#8243; _module_preset=&#8221;default&#8221; type=&#8221;4_4&#8243;][et_pb_text _builder_version=&#8221;4.27.6&#8243; _module_preset=&#8221;default&#8221; hover_enabled=&#8221;0&#8243; sticky_enabled=&#8221;0&#8243;]<\/p>\n<h2 class=\"p1\"><span style=\"color: #ffffff;\">No vacancies at the moment.<\/span><\/h2>\n<p>[\/et_pb_text][\/et_pb_column][\/et_pb_row][\/et_pb_section]<\/p>\n","protected":false},"excerpt":{"rendered":"<p>MED KVARKENR\u00c5DET MOT FRAMTIDEN Jobba hos ossVar med och p\u00e5verka Kvarkenregionens framtid och utveckling genom att jobba f\u00f6r oss! Vi erbjuder en dynamisk arbetsplats i en region d\u00e4r intresset och k\u00e4nslan f\u00f6r det nordiska samarbetet \u00e4r stort och d\u00e4r samh\u00e4llet i \u00f6vrigt utvecklas v\u00e4ldigt positivt. No vacancies at the moment.<\/p>\n","protected":false},"author":2,"featured_media":0,"parent":0,"menu_order":0,"comment_status":"closed","ping_status":"closed","template":"","meta":{"_acf_changed":false,"_et_pb_use_builder":"on","_et_pb_old_content":"","_et_gb_content_width":"","footnotes":""},"amnen":[],"class_list":["post-9823","page","type-page","status-publish","hentry"],"acf":[],"yoast_head":"<!-- This site is optimized with the Yoast SEO plugin v27.3 - https:\/\/yoast.com\/product\/yoast-seo-wordpress\/ -->\n<title>Come work with us - Kvarkenr\u00e5det<\/title>\n<meta name=\"robots\" content=\"index, follow, max-snippet:-1, max-image-preview:large, max-video-preview:-1\" \/>\n<link rel=\"canonical\" href=\"https:\/\/www.kvarken.org\/en\/come-work-with-us\/\" \/>\n<meta property=\"og:locale\" content=\"en_US\" \/>\n<meta property=\"og:type\" content=\"article\" \/>\n<meta property=\"og:title\" content=\"Come work with us - Kvarkenr\u00e5det\" \/>\n<meta property=\"og:description\" content=\"MED KVARKENR\u00c5DET MOT FRAMTIDEN Jobba hos ossVar med och p\u00e5verka Kvarkenregionens framtid och utveckling genom att jobba f\u00f6r oss! Vi erbjuder en dynamisk arbetsplats i en region d\u00e4r intresset och k\u00e4nslan f\u00f6r det nordiska samarbetet \u00e4r stort och d\u00e4r samh\u00e4llet i \u00f6vrigt utvecklas v\u00e4ldigt positivt. No vacancies at the moment.\" \/>\n<meta property=\"og:url\" content=\"https:\/\/www.kvarken.org\/en\/come-work-with-us\/\" \/>\n<meta property=\"og:site_name\" content=\"Kvarkenr\u00e5det\" \/>\n<meta property=\"article:modified_time\" content=\"2026-03-05T09:28:52+00:00\" \/>\n<meta name=\"twitter:card\" content=\"summary_large_image\" \/>\n<meta name=\"twitter:label1\" content=\"Est. reading time\" \/>\n\t<meta name=\"twitter:data1\" content=\"1 minute\" \/>\n<script type=\"application\/ld+json\" class=\"yoast-schema-graph\">{\"@context\":\"https:\\\/\\\/schema.org\",\"@graph\":[{\"@type\":\"WebPage\",\"@id\":\"https:\\\/\\\/www.kvarken.org\\\/en\\\/come-work-with-us\\\/\",\"url\":\"https:\\\/\\\/www.kvarken.org\\\/en\\\/come-work-with-us\\\/\",\"name\":\"Come work with us - Kvarkenr\u00e5det\",\"isPartOf\":{\"@id\":\"https:\\\/\\\/www.kvarken.org\\\/en\\\/#website\"},\"datePublished\":\"2021-03-23T07:45:58+00:00\",\"dateModified\":\"2026-03-05T09:28:52+00:00\",\"breadcrumb\":{\"@id\":\"https:\\\/\\\/www.kvarken.org\\\/en\\\/come-work-with-us\\\/#breadcrumb\"},\"inLanguage\":\"en-US\",\"potentialAction\":[{\"@type\":\"ReadAction\",\"target\":[\"https:\\\/\\\/www.kvarken.org\\\/en\\\/come-work-with-us\\\/\"]}]},{\"@type\":\"BreadcrumbList\",\"@id\":\"https:\\\/\\\/www.kvarken.org\\\/en\\\/come-work-with-us\\\/#breadcrumb\",\"itemListElement\":[{\"@type\":\"ListItem\",\"position\":1,\"name\":\"Hem\",\"item\":\"https:\\\/\\\/www.kvarken.org\\\/en\\\/\"},{\"@type\":\"ListItem\",\"position\":2,\"name\":\"Come work with us\"}]},{\"@type\":\"WebSite\",\"@id\":\"https:\\\/\\\/www.kvarken.org\\\/en\\\/#website\",\"url\":\"https:\\\/\\\/www.kvarken.org\\\/en\\\/\",\"name\":\"Kvarkenr\u00e5det\",\"description\":\"\",\"potentialAction\":[{\"@type\":\"SearchAction\",\"target\":{\"@type\":\"EntryPoint\",\"urlTemplate\":\"https:\\\/\\\/www.kvarken.org\\\/en\\\/?s={search_term_string}\"},\"query-input\":{\"@type\":\"PropertyValueSpecification\",\"valueRequired\":true,\"valueName\":\"search_term_string\"}}],\"inLanguage\":\"en-US\"}]}<\/script>\n<!-- \/ Yoast SEO plugin. -->","yoast_head_json":{"title":"Come work with us - Kvarkenr\u00e5det","robots":{"index":"index","follow":"follow","max-snippet":"max-snippet:-1","max-image-preview":"max-image-preview:large","max-video-preview":"max-video-preview:-1"},"canonical":"https:\/\/www.kvarken.org\/en\/come-work-with-us\/","og_locale":"en_US","og_type":"article","og_title":"Come work with us - Kvarkenr\u00e5det","og_description":"MED KVARKENR\u00c5DET MOT FRAMTIDEN Jobba hos ossVar med och p\u00e5verka Kvarkenregionens framtid och utveckling genom att jobba f\u00f6r oss! Vi erbjuder en dynamisk arbetsplats i en region d\u00e4r intresset och k\u00e4nslan f\u00f6r det nordiska samarbetet \u00e4r stort och d\u00e4r samh\u00e4llet i \u00f6vrigt utvecklas v\u00e4ldigt positivt. No vacancies at the moment.","og_url":"https:\/\/www.kvarken.org\/en\/come-work-with-us\/","og_site_name":"Kvarkenr\u00e5det","article_modified_time":"2026-03-05T09:28:52+00:00","twitter_card":"summary_large_image","twitter_misc":{"Est. reading time":"1 minute"},"schema":{"@context":"https:\/\/schema.org","@graph":[{"@type":"WebPage","@id":"https:\/\/www.kvarken.org\/en\/come-work-with-us\/","url":"https:\/\/www.kvarken.org\/en\/come-work-with-us\/","name":"Come work with us - Kvarkenr\u00e5det","isPartOf":{"@id":"https:\/\/www.kvarken.org\/en\/#website"},"datePublished":"2021-03-23T07:45:58+00:00","dateModified":"2026-03-05T09:28:52+00:00","breadcrumb":{"@id":"https:\/\/www.kvarken.org\/en\/come-work-with-us\/#breadcrumb"},"inLanguage":"en-US","potentialAction":[{"@type":"ReadAction","target":["https:\/\/www.kvarken.org\/en\/come-work-with-us\/"]}]},{"@type":"BreadcrumbList","@id":"https:\/\/www.kvarken.org\/en\/come-work-with-us\/#breadcrumb","itemListElement":[{"@type":"ListItem","position":1,"name":"Hem","item":"https:\/\/www.kvarken.org\/en\/"},{"@type":"ListItem","position":2,"name":"Come work with us"}]},{"@type":"WebSite","@id":"https:\/\/www.kvarken.org\/en\/#website","url":"https:\/\/www.kvarken.org\/en\/","name":"Kvarkenr\u00e5det","description":"","potentialAction":[{"@type":"SearchAction","target":{"@type":"EntryPoint","urlTemplate":"https:\/\/www.kvarken.org\/en\/?s={search_term_string}"},"query-input":{"@type":"PropertyValueSpecification","valueRequired":true,"valueName":"search_term_string"}}],"inLanguage":"en-US"}]}},"_links":{"self":[{"href":"https:\/\/www.kvarken.org\/en\/wp-json\/wp\/v2\/pages\/9823","targetHints":{"allow":["GET"]}}],"collection":[{"href":"https:\/\/www.kvarken.org\/en\/wp-json\/wp\/v2\/pages"}],"about":[{"href":"https:\/\/www.kvarken.org\/en\/wp-json\/wp\/v2\/types\/page"}],"author":[{"embeddable":true,"href":"https:\/\/www.kvarken.org\/en\/wp-json\/wp\/v2\/users\/2"}],"replies":[{"embeddable":true,"href":"https:\/\/www.kvarken.org\/en\/wp-json\/wp\/v2\/comments?post=9823"}],"version-history":[{"count":16,"href":"https:\/\/www.kvarken.org\/en\/wp-json\/wp\/v2\/pages\/9823\/revisions"}],"predecessor-version":[{"id":24652,"href":"https:\/\/www.kvarken.org\/en\/wp-json\/wp\/v2\/pages\/9823\/revisions\/24652"}],"wp:attachment":[{"href":"https:\/\/www.kvarken.org\/en\/wp-json\/wp\/v2\/media?parent=9823"}],"wp:term":[{"taxonomy":"amnen","embeddable":true,"href":"https:\/\/www.kvarken.org\/en\/wp-json\/wp\/v2\/amnen?post=9823"}],"curies":[{"name":"wp","href":"https:\/\/api.w.org\/{rel}","templated":true}]}}