{"id":15337,"date":"2023-01-26T21:41:11","date_gmt":"2023-01-26T18:41:11","guid":{"rendered":"https:\/\/www.kvarken.org\/?page_id=15337"},"modified":"2023-02-15T19:21:53","modified_gmt":"2023-02-15T16:21:53","slug":"henkilostomme-vuosikertomus-2022","status":"publish","type":"page","link":"https:\/\/www.kvarken.org\/fi\/henkilostomme-vuosikertomus-2022\/","title":{"rendered":"HENKIL\u00d6ST\u00d6MME &#8211; Vuosikertomus 2022"},"content":{"rendered":"<p>[et_pb_section fb_built=&#8221;1&#8243; _builder_version=&#8221;4.19.4&#8243; _module_preset=&#8221;default&#8221; background_image=&#8221;https:\/\/www.kvarken.org\/wp-content\/uploads\/2020\/12\/EdelPhoto-15-1-scaled.jpg&#8221; min_height=&#8221;60vh&#8221; custom_css_main_element=&#8221;display: flex;&#8221; global_colors_info=&#8221;{}&#8221;][et_pb_row _builder_version=&#8221;4.19.4&#8243; _module_preset=&#8221;default&#8221; max_width=&#8221;1024px&#8221; global_colors_info=&#8221;{}&#8221;][et_pb_column type=&#8221;4_4&#8243; _builder_version=&#8221;4.19.4&#8243; _module_preset=&#8221;default&#8221; global_colors_info=&#8221;{}&#8221;][et_pb_text _builder_version=&#8221;4.19.4&#8243; _module_preset=&#8221;default&#8221; text_font=&#8221;|300||on|||||&#8221; text_text_color=&#8221;#FFFFFF&#8221; max_width=&#8221;480px&#8221; module_alignment=&#8221;right&#8221; custom_margin=&#8221;||20px||false|false&#8221; global_colors_info=&#8221;{}&#8221;]<\/p>\n<p>Vuosikertomus 2022<\/p>\n<p>[\/et_pb_text][et_pb_text _builder_version=&#8221;4.19.4&#8243; _module_preset=&#8221;default&#8221; header_font=&#8221;|300|||||||&#8221; header_text_color=&#8221;#FFFFFF&#8221; header_font_size=&#8221;74px&#8221; header_line_height=&#8221;1.1em&#8221; max_width=&#8221;508px&#8221; module_alignment=&#8221;right&#8221; global_colors_info=&#8221;{}&#8221;]<\/p>\n<h1>Henkil\u00f6st\u00f6mme<\/h1>\n<p>[\/et_pb_text][\/et_pb_column][\/et_pb_row][\/et_pb_section][et_pb_section fb_built=&#8221;1&#8243; admin_label=&#8221;Sektion&#8221; module_class=&#8221;accordion-item&#8221; _builder_version=&#8221;4.19.4&#8243; _module_preset=&#8221;default&#8221; custom_margin=&#8221;0px|0px|0px|0px|false|false&#8221; custom_padding=&#8221;0px|0px||0px|false|false&#8221; custom_css_main_element=&#8221;overflow: hidden;&#8221; locked=&#8221;off&#8221; global_colors_info=&#8221;{}&#8221; custom_css_main_element_last_edited=&#8221;off|desktop&#8221;][et_pb_row _builder_version=&#8221;4.19.4&#8243; _module_preset=&#8221;default&#8221; z_index=&#8221;3&#8243; max_width=&#8221;540px&#8221; custom_margin=&#8221;0px|0px|0px|0px|false|false&#8221; custom_padding=&#8221;0px|0px|0px|0px|false|false&#8221; locked=&#8221;off&#8221; global_colors_info=&#8221;{}&#8221;][et_pb_column type=&#8221;4_4&#8243; admin_label=&#8221;Kolumn&#8221; _builder_version=&#8221;4.16&#8243; _module_preset=&#8221;default&#8221; custom_padding=&#8221;0px|0px|0px|0px|false|false&#8221; custom_css_main_element=&#8221;height: 0px;||margin-top: -1px!important;&#8221; global_colors_info=&#8221;{}&#8221;][et_pb_image src=&#8221;https:\/\/www.kvarken.org\/wp-content\/uploads\/2020\/12\/Form3_ljusgron.png&#8221; title_text=&#8221;Form3_ljusgron&#8221; align=&#8221;right&#8221; _builder_version=&#8221;4.19.4&#8243; _module_preset=&#8221;default&#8221; transform_scale=&#8221;127%|135%&#8221; transform_scale_linked=&#8221;off&#8221; transform_rotate=&#8221;0deg|0deg|197deg&#8221; transform_skew_linked=&#8221;off&#8221; positioning=&#8221;absolute&#8221; position_origin_a=&#8221;top_right&#8221; position_origin_f=&#8221;bottom_left&#8221; vertical_offset=&#8221;41px&#8221; horizontal_offset=&#8221;351px&#8221; width=&#8221;100%&#8221; max_width=&#8221;700px&#8221; custom_margin=&#8221;40px|0px|0px|0px|false|false&#8221; custom_padding=&#8221;0px|0px|0px|0px|false|false&#8221; global_colors_info=&#8221;{}&#8221; custom_css_main_element_last_edited=&#8221;off|desktop&#8221; custom_css_main_element_phone=&#8221;left: auto!important;||right: -220px!important;&#8221;][\/et_pb_image][et_pb_image src=&#8221;https:\/\/www.kvarken.org\/wp-content\/uploads\/2020\/11\/Hojdkurvor_03-1024&#215;1002.png&#8221; title_text=&#8221;Hojdkurvor_03&#8243; _builder_version=&#8221;4.19.4&#8243; _module_preset=&#8221;default&#8221; transform_scale=&#8221;116%|116%&#8221; transform_rotate=&#8221;0deg|0deg|191deg&#8221; positioning=&#8221;absolute&#8221; position_origin_f=&#8221;bottom_left&#8221; vertical_offset=&#8221;10px&#8221; horizontal_offset=&#8221;-484px&#8221; width=&#8221;100%&#8221; max_width=&#8221;700px&#8221; custom_margin=&#8221;40px|0px|0px|0px|false|false&#8221; custom_padding=&#8221;0px|0px|0px|0px|false|false&#8221; global_colors_info=&#8221;{}&#8221;][\/et_pb_image][\/et_pb_column][\/et_pb_row][et_pb_row column_structure=&#8221;1_2,1_2&#8243; use_custom_gutter=&#8221;on&#8221; gutter_width=&#8221;1&#8243; make_equal=&#8221;on&#8221; _builder_version=&#8221;4.19.4&#8243; _module_preset=&#8221;default&#8221; background_color=&#8221;#FFFFFF&#8221; background_enable_image=&#8221;off&#8221; width=&#8221;100%&#8221; max_width=&#8221;100%&#8221; custom_margin=&#8221;0px|0px|0px|0px|false|false&#8221; custom_padding=&#8221;0px|0px|0px|0px|false|false&#8221; global_colors_info=&#8221;{}&#8221; custom_css_main_element_last_edited=&#8221;on|tablet&#8221; custom_css_main_element_tablet=&#8221;display: flex;||flex-direction: column-reverse;&#8221; custom_css_main_element_phone=&#8221;display: flex;||flex-direction: column-reverse;&#8221;][et_pb_column type=&#8221;1_2&#8243; _builder_version=&#8221;4.19.4&#8243; _module_preset=&#8221;default&#8221; background_enable_color=&#8221;off&#8221; z_index=&#8221;3&#8243; custom_padding=&#8221;|7.5%||7.5%|false|false&#8221; custom_padding_tablet=&#8221;&#8221; custom_padding_phone=&#8221;|40px||40px|false|false&#8221; custom_padding_last_edited=&#8221;on|phone&#8221; custom_css_main_element=&#8221;min-height: 640px;||display: flex;||flex-direction: column;||justify-content: center;&#8221; global_colors_info=&#8221;{}&#8221; custom_css_main_element_last_edited=&#8221;on|tablet&#8221; custom_css_main_element_tablet=&#8221;min-height: 0;&#8221; custom_css_main_element_phone=&#8221;min-height: 0;&#8221;][et_pb_text _builder_version=&#8221;4.19.4&#8243; _module_preset=&#8221;default&#8221; text_font=&#8221;|300||on|||||&#8221; text_orientation_tablet=&#8221;left&#8221; text_orientation_last_edited=&#8221;off|desktop&#8221; global_colors_info=&#8221;{}&#8221;]<\/p>\n<p>MERENKURKUN NEUVOSTON HENKIL\u00d6ST\u00d6 2022<\/p>\n<p>[\/et_pb_text][et_pb_text _builder_version=&#8221;4.19.4&#8243; _module_preset=&#8221;default&#8221; header_2_font=&#8221;|300|||||||&#8221; header_2_font_size=&#8221;36px&#8221; custom_margin=&#8221;10px||30px||false|false&#8221; text_orientation_tablet=&#8221;left&#8221; text_orientation_last_edited=&#8221;off|desktop&#8221; global_colors_info=&#8221;{}&#8221;]<\/p>\n<h2>Merenkurkun neuvosto on pieni mutta eritt\u00e4in toimintakykyinen ja tehokas organisaatio.<\/h2>\n<p>[\/et_pb_text][et_pb_text _builder_version=&#8221;4.19.4&#8243; _module_preset=&#8221;default&#8221; header_2_font=&#8221;|300|||||||&#8221; header_2_font_size=&#8221;36px&#8221; custom_margin=&#8221;10px||30px||false|false&#8221; text_orientation_tablet=&#8221;left&#8221; text_orientation_last_edited=&#8221;off|desktop&#8221; global_colors_info=&#8221;{}&#8221;]<\/p>\n<p><span lang=\"FI\"><span class=\"apple-converted-space\">Kehitysjohtajan ja yhden neuvoa-antavista asiantuntijoista tavoitatte Uumajasta, Ruotsista. Muut tavoitatte Vaasasta, osoitteesta Gerbyntie 18.<\/span><\/span><\/p>\n<p>[\/et_pb_text][\/et_pb_column][et_pb_column type=&#8221;1_2&#8243; _builder_version=&#8221;4.19.4&#8243; _module_preset=&#8221;default&#8221; background_enable_image=&#8221;off&#8221; z_index=&#8221;4&#8243; custom_padding=&#8221;|7.5%||7.5%|false|false&#8221; global_colors_info=&#8221;{}&#8221; custom_css_main_element_last_edited=&#8221;off|desktop&#8221;][et_pb_image src=&#8221;https:\/\/www.kvarken.org\/wp-content\/uploads\/2023\/01\/Gruppfoto-2022.jpg&#8221; title_text=&#8221;Gruppfoto 2022&#8243; align=&#8221;center&#8221; _builder_version=&#8221;4.19.4&#8243; _module_preset=&#8221;default&#8221; max_width=&#8221;480px&#8221; custom_padding=&#8221;80px||10px||false|false&#8221; global_colors_info=&#8221;{}&#8221;][\/et_pb_image][et_pb_text _builder_version=&#8221;4.19.5&#8243; _module_preset=&#8221;default&#8221; text_orientation=&#8221;center&#8221; custom_margin=&#8221;|||10px|false|false&#8221; custom_margin_tablet=&#8221;|||10px|false|false&#8221; custom_margin_phone=&#8221;||40px||false|false&#8221; custom_margin_last_edited=&#8221;on|phone&#8221; custom_padding=&#8221;|||0px|false|false&#8221; global_colors_info=&#8221;{}&#8221;]<\/p>\n<p><em>Merenkurkun neuvoston henkil\u00f6st\u00f6 joulukuussa 2022.<\/em><\/p>\n<p>[\/et_pb_text][\/et_pb_column][\/et_pb_row][et_pb_row column_structure=&#8221;1_2,1_2&#8243; _builder_version=&#8221;4.19.4&#8243; _module_preset=&#8221;default&#8221; custom_margin=&#8221;-60px||||false|false&#8221; custom_margin_tablet=&#8221;-60px||||false|false&#8221; custom_margin_phone=&#8221;0px||||false|false&#8221; custom_margin_last_edited=&#8221;on|phone&#8221; custom_padding=&#8221;0px|0px|0px|0px|false|false&#8221; locked=&#8221;off&#8221; global_colors_info=&#8221;{}&#8221;][et_pb_column type=&#8221;1_2&#8243; _builder_version=&#8221;4.19.4&#8243; _module_preset=&#8221;default&#8221; global_colors_info=&#8221;{}&#8221;][et_pb_text _builder_version=&#8221;4.19.4&#8243; _module_preset=&#8221;default&#8221; text_font=&#8221;|300|||||||&#8221; global_colors_info=&#8221;{}&#8221;]<\/p>\n<h3>Merenkurkun neuvoston henkil\u00f6st\u00f6:<\/h3>\n<p>Johtaja Mathias Lindstr\u00f6m<br \/>Kehitysp\u00e4\u00e4llikk\u00f6 Veronica Berg<br \/>Talousvastaava Maria Snickars<br \/>Viestint\u00e4p\u00e4\u00e4llikk\u00f6 Johanna H\u00e4ggman<br \/>Viestint\u00e4assistentti Ida-Maria Huuhka<\/p>\n<p>[\/et_pb_text][\/et_pb_column][et_pb_column type=&#8221;1_2&#8243; _builder_version=&#8221;4.19.4&#8243; _module_preset=&#8221;default&#8221; global_colors_info=&#8221;{}&#8221;][et_pb_text _builder_version=&#8221;4.19.4&#8243; _module_preset=&#8221;default&#8221; text_font=&#8221;|300|||||||&#8221; global_colors_info=&#8221;{}&#8221;]<\/p>\n<h3>Hankehenkil\u00f6st\u00f6:<\/h3>\n<div><span lang=\"FI\">Hankep\u00e4\u00e4llikk\u00f6<\/span> Marianne Sj\u00f6str\u00f6m<br \/>Hankejohtaja Ann-Sofi Backgren<br \/>Tapahtumakoordinaattori Fredrik Furu<br \/>Neuvoa-antava asiantuntija Olav Jern<br \/>Neuvoa-antava asiantuntija\u00a0Tomas Sikstr\u00f6m<\/div>\n<p>[\/et_pb_text][\/et_pb_column][\/et_pb_row][\/et_pb_section][et_pb_section fb_built=&#8221;1&#8243; _builder_version=&#8221;4.19.4&#8243; _module_preset=&#8221;default&#8221; background_color=&#8221;#A7B5B9&#8243; global_colors_info=&#8221;{}&#8221;][et_pb_row column_structure=&#8221;1_2,1_2&#8243; _builder_version=&#8221;4.19.4&#8243; _module_preset=&#8221;default&#8221; global_colors_info=&#8221;{}&#8221;][et_pb_column type=&#8221;1_2&#8243; _builder_version=&#8221;4.19.4&#8243; _module_preset=&#8221;default&#8221; global_colors_info=&#8221;{}&#8221;][et_pb_text _builder_version=&#8221;4.19.4&#8243; _module_preset=&#8221;default&#8221; text_font=&#8221;|300||on|||||&#8221; text_orientation_tablet=&#8221;left&#8221; text_orientation_last_edited=&#8221;off|desktop&#8221; global_colors_info=&#8221;{}&#8221;]<\/p>\n<p>HALUATKO LUKEA LIS\u00c4\u00c4?<\/p>\n<p>[\/et_pb_text][et_pb_text _builder_version=&#8221;4.19.4&#8243; _module_preset=&#8221;default&#8221; header_2_font=&#8221;|300|||||||&#8221; header_2_font_size=&#8221;36px&#8221; custom_margin=&#8221;10px||30px||false|false&#8221; text_orientation_tablet=&#8221;left&#8221; text_orientation_last_edited=&#8221;off|desktop&#8221; global_colors_info=&#8221;{}&#8221;]<\/p>\n<h2>Lue lis\u00e4\u00e4 Merenkurkun neuvoston vuosikertomuksesta 2022 painamalla viereisi\u00e4 linkkej\u00e4.<\/h2>\n<p>[\/et_pb_text][\/et_pb_column][et_pb_column type=&#8221;1_2&#8243; _builder_version=&#8221;4.19.4&#8243; _module_preset=&#8221;default&#8221; border_width_left=&#8221;1px&#8221; border_width_left_tablet=&#8221;0px&#8221; border_width_left_phone=&#8221;0px&#8221; border_width_left_last_edited=&#8221;on|phone&#8221; global_colors_info=&#8221;{}&#8221;][et_pb_button button_url=&#8221;https:\/\/www.kvarken.org\/fi\/?page_id=15324&#8243; url_new_window=&#8221;on&#8221; button_text=&#8221;Vuosikertomus 2022&#8243; _builder_version=&#8221;4.19.5&#8243; _module_preset=&#8221;0c9dcc54-ef50-4b13-8d28-0d690833be6a&#8221; hover_enabled=&#8221;0&#8243; custom_css_main_element=&#8221;min-width: 320px!important;&#8221; global_colors_info=&#8221;{}&#8221; sticky_enabled=&#8221;0&#8243;][\/et_pb_button][et_pb_button button_url=&#8221;https:\/\/www.kvarken.org\/fi\/?page_id=15346&#8243; url_new_window=&#8221;on&#8221; button_text=&#8221;Hankkeemme &#038; Verkostomme&#8221; _builder_version=&#8221;4.19.5&#8243; _module_preset=&#8221;0c9dcc54-ef50-4b13-8d28-0d690833be6a&#8221; hover_enabled=&#8221;0&#8243; custom_css_main_element=&#8221;min-width: 320px!important;&#8221; global_colors_info=&#8221;{}&#8221; sticky_enabled=&#8221;0&#8243;][\/et_pb_button][et_pb_button button_url=&#8221;https:\/\/www.kvarken.org\/fi\/?page_id=15340&#8243; url_new_window=&#8221;on&#8221; button_text=&#8221;Rakenteemme&#8221; _builder_version=&#8221;4.19.5&#8243; _module_preset=&#8221;0c9dcc54-ef50-4b13-8d28-0d690833be6a&#8221; hover_enabled=&#8221;0&#8243; custom_css_main_element=&#8221;min-width: 320px!important;&#8221; global_colors_info=&#8221;{}&#8221; sticky_enabled=&#8221;0&#8243;][\/et_pb_button][et_pb_button button_url=&#8221;https:\/\/www.kvarken.org\/fi\/?page_id=15343&#8243; url_new_window=&#8221;on&#8221; button_text=&#8221;Maailmamme&#8221; _builder_version=&#8221;4.19.5&#8243; _module_preset=&#8221;0c9dcc54-ef50-4b13-8d28-0d690833be6a&#8221; hover_enabled=&#8221;0&#8243; custom_css_main_element=&#8221;min-width: 320px!important;&#8221; global_colors_info=&#8221;{}&#8221; sticky_enabled=&#8221;0&#8243;][\/et_pb_button][et_pb_button button_url=&#8221;https:\/\/www.kvarken.org\/fi\/?page_id=15349&#8243; url_new_window=&#8221;on&#8221; button_text=&#8221;Juhlavuosi 2022&#8243; _builder_version=&#8221;4.19.5&#8243; _module_preset=&#8221;0c9dcc54-ef50-4b13-8d28-0d690833be6a&#8221; hover_enabled=&#8221;0&#8243; custom_css_main_element=&#8221;min-width: 320px!important;&#8221; global_colors_info=&#8221;{}&#8221; sticky_enabled=&#8221;0&#8243;][\/et_pb_button][\/et_pb_column][\/et_pb_row][\/et_pb_section]<\/p>\n","protected":false},"excerpt":{"rendered":"<p>Vuosikertomus 2022Henkil\u00f6st\u00f6mmeMERENKURKUN NEUVOSTON HENKIL\u00d6ST\u00d6 2022Merenkurkun neuvosto on pieni mutta eritt\u00e4in toimintakykyinen ja tehokas organisaatio.Kehitysjohtajan ja yhden neuvoa-antavista asiantuntijoista tavoitatte Uumajasta, Ruotsista. Muut tavoitatte Vaasasta, osoitteesta Gerbyntie 18.Merenkurkun neuvoston henkil\u00f6st\u00f6 joulukuussa 2022.Merenkurkun neuvoston henkil\u00f6st\u00f6: Johtaja Mathias Lindstr\u00f6mKehitysp\u00e4\u00e4llikk\u00f6 Veronica BergTalousvastaava Maria SnickarsViestint\u00e4p\u00e4\u00e4llikk\u00f6 Johanna H\u00e4ggmanViestint\u00e4assistentti Ida-Maria HuuhkaHankehenkil\u00f6st\u00f6: Hankep\u00e4\u00e4llikk\u00f6 Marianne Sj\u00f6str\u00f6mHankejohtaja Ann-Sofi BackgrenTapahtumakoordinaattori Fredrik FuruNeuvoa-antava asiantuntija Olav JernNeuvoa-antava asiantuntija\u00a0Tomas [&hellip;]<\/p>\n","protected":false},"author":2,"featured_media":0,"parent":0,"menu_order":0,"comment_status":"closed","ping_status":"closed","template":"","meta":{"_acf_changed":false,"_et_pb_use_builder":"on","_et_pb_old_content":"","_et_gb_content_width":"","footnotes":""},"amnen":[],"class_list":["post-15337","page","type-page","status-publish","hentry"],"acf":[],"yoast_head":"<!-- This site is optimized with the Yoast SEO plugin v27.3 - https:\/\/yoast.com\/product\/yoast-seo-wordpress\/ -->\n<title>HENKIL\u00d6ST\u00d6MME - Vuosikertomus 2022 - Kvarkenr\u00e5det<\/title>\n<meta name=\"robots\" content=\"noindex, nofollow\" \/>\n<meta property=\"og:locale\" content=\"fi_FI\" \/>\n<meta property=\"og:type\" content=\"article\" \/>\n<meta property=\"og:title\" content=\"HENKIL\u00d6ST\u00d6MME - Vuosikertomus 2022 - Kvarkenr\u00e5det\" \/>\n<meta property=\"og:description\" content=\"Vuosikertomus 2022Henkil\u00f6st\u00f6mmeMERENKURKUN NEUVOSTON HENKIL\u00d6ST\u00d6 2022Merenkurkun neuvosto on pieni mutta eritt\u00e4in toimintakykyinen ja tehokas organisaatio.Kehitysjohtajan ja yhden neuvoa-antavista asiantuntijoista tavoitatte Uumajasta, Ruotsista. Muut tavoitatte Vaasasta, osoitteesta Gerbyntie 18.Merenkurkun neuvoston henkil\u00f6st\u00f6 joulukuussa 2022.Merenkurkun neuvoston henkil\u00f6st\u00f6: Johtaja Mathias Lindstr\u00f6mKehitysp\u00e4\u00e4llikk\u00f6 Veronica BergTalousvastaava Maria SnickarsViestint\u00e4p\u00e4\u00e4llikk\u00f6 Johanna H\u00e4ggmanViestint\u00e4assistentti Ida-Maria HuuhkaHankehenkil\u00f6st\u00f6: Hankep\u00e4\u00e4llikk\u00f6 Marianne Sj\u00f6str\u00f6mHankejohtaja Ann-Sofi BackgrenTapahtumakoordinaattori Fredrik FuruNeuvoa-antava asiantuntija Olav JernNeuvoa-antava asiantuntija\u00a0Tomas [&hellip;]\" \/>\n<meta property=\"og:url\" content=\"https:\/\/www.kvarken.org\/fi\/henkilostomme-vuosikertomus-2022\/\" \/>\n<meta property=\"og:site_name\" content=\"Kvarkenr\u00e5det\" \/>\n<meta property=\"article:modified_time\" content=\"2023-02-15T16:21:53+00:00\" \/>\n<meta name=\"twitter:card\" content=\"summary_large_image\" \/>\n<meta name=\"twitter:label1\" content=\"Arvioitu lukuaika\" \/>\n\t<meta name=\"twitter:data1\" content=\"2 minuuttia\" \/>\n<script type=\"application\/ld+json\" class=\"yoast-schema-graph\">{\"@context\":\"https:\\\/\\\/schema.org\",\"@graph\":[{\"@type\":\"WebPage\",\"@id\":\"https:\\\/\\\/www.kvarken.org\\\/fi\\\/henkilostomme-vuosikertomus-2022\\\/\",\"url\":\"https:\\\/\\\/www.kvarken.org\\\/fi\\\/henkilostomme-vuosikertomus-2022\\\/\",\"name\":\"HENKIL\u00d6ST\u00d6MME - Vuosikertomus 2022 - Kvarkenr\u00e5det\",\"isPartOf\":{\"@id\":\"https:\\\/\\\/www.kvarken.org\\\/fi\\\/#website\"},\"datePublished\":\"2023-01-26T18:41:11+00:00\",\"dateModified\":\"2023-02-15T16:21:53+00:00\",\"breadcrumb\":{\"@id\":\"https:\\\/\\\/www.kvarken.org\\\/fi\\\/henkilostomme-vuosikertomus-2022\\\/#breadcrumb\"},\"inLanguage\":\"fi\",\"potentialAction\":[{\"@type\":\"ReadAction\",\"target\":[\"https:\\\/\\\/www.kvarken.org\\\/fi\\\/henkilostomme-vuosikertomus-2022\\\/\"]}]},{\"@type\":\"BreadcrumbList\",\"@id\":\"https:\\\/\\\/www.kvarken.org\\\/fi\\\/henkilostomme-vuosikertomus-2022\\\/#breadcrumb\",\"itemListElement\":[{\"@type\":\"ListItem\",\"position\":1,\"name\":\"Hem\",\"item\":\"https:\\\/\\\/www.kvarken.org\\\/fi\\\/\"},{\"@type\":\"ListItem\",\"position\":2,\"name\":\"HENKIL\u00d6ST\u00d6MME &#8211; Vuosikertomus 2022\"}]},{\"@type\":\"WebSite\",\"@id\":\"https:\\\/\\\/www.kvarken.org\\\/fi\\\/#website\",\"url\":\"https:\\\/\\\/www.kvarken.org\\\/fi\\\/\",\"name\":\"Kvarkenr\u00e5det\",\"description\":\"\",\"potentialAction\":[{\"@type\":\"SearchAction\",\"target\":{\"@type\":\"EntryPoint\",\"urlTemplate\":\"https:\\\/\\\/www.kvarken.org\\\/fi\\\/?s={search_term_string}\"},\"query-input\":{\"@type\":\"PropertyValueSpecification\",\"valueRequired\":true,\"valueName\":\"search_term_string\"}}],\"inLanguage\":\"fi\"}]}<\/script>\n<!-- \/ Yoast SEO plugin. -->","yoast_head_json":{"title":"HENKIL\u00d6ST\u00d6MME - Vuosikertomus 2022 - Kvarkenr\u00e5det","robots":{"index":"noindex","follow":"nofollow"},"og_locale":"fi_FI","og_type":"article","og_title":"HENKIL\u00d6ST\u00d6MME - Vuosikertomus 2022 - Kvarkenr\u00e5det","og_description":"Vuosikertomus 2022Henkil\u00f6st\u00f6mmeMERENKURKUN NEUVOSTON HENKIL\u00d6ST\u00d6 2022Merenkurkun neuvosto on pieni mutta eritt\u00e4in toimintakykyinen ja tehokas organisaatio.Kehitysjohtajan ja yhden neuvoa-antavista asiantuntijoista tavoitatte Uumajasta, Ruotsista. Muut tavoitatte Vaasasta, osoitteesta Gerbyntie 18.Merenkurkun neuvoston henkil\u00f6st\u00f6 joulukuussa 2022.Merenkurkun neuvoston henkil\u00f6st\u00f6: Johtaja Mathias Lindstr\u00f6mKehitysp\u00e4\u00e4llikk\u00f6 Veronica BergTalousvastaava Maria SnickarsViestint\u00e4p\u00e4\u00e4llikk\u00f6 Johanna H\u00e4ggmanViestint\u00e4assistentti Ida-Maria HuuhkaHankehenkil\u00f6st\u00f6: Hankep\u00e4\u00e4llikk\u00f6 Marianne Sj\u00f6str\u00f6mHankejohtaja Ann-Sofi BackgrenTapahtumakoordinaattori Fredrik FuruNeuvoa-antava asiantuntija Olav JernNeuvoa-antava asiantuntija\u00a0Tomas [&hellip;]","og_url":"https:\/\/www.kvarken.org\/fi\/henkilostomme-vuosikertomus-2022\/","og_site_name":"Kvarkenr\u00e5det","article_modified_time":"2023-02-15T16:21:53+00:00","twitter_card":"summary_large_image","twitter_misc":{"Arvioitu lukuaika":"2 minuuttia"},"schema":{"@context":"https:\/\/schema.org","@graph":[{"@type":"WebPage","@id":"https:\/\/www.kvarken.org\/fi\/henkilostomme-vuosikertomus-2022\/","url":"https:\/\/www.kvarken.org\/fi\/henkilostomme-vuosikertomus-2022\/","name":"HENKIL\u00d6ST\u00d6MME - Vuosikertomus 2022 - Kvarkenr\u00e5det","isPartOf":{"@id":"https:\/\/www.kvarken.org\/fi\/#website"},"datePublished":"2023-01-26T18:41:11+00:00","dateModified":"2023-02-15T16:21:53+00:00","breadcrumb":{"@id":"https:\/\/www.kvarken.org\/fi\/henkilostomme-vuosikertomus-2022\/#breadcrumb"},"inLanguage":"fi","potentialAction":[{"@type":"ReadAction","target":["https:\/\/www.kvarken.org\/fi\/henkilostomme-vuosikertomus-2022\/"]}]},{"@type":"BreadcrumbList","@id":"https:\/\/www.kvarken.org\/fi\/henkilostomme-vuosikertomus-2022\/#breadcrumb","itemListElement":[{"@type":"ListItem","position":1,"name":"Hem","item":"https:\/\/www.kvarken.org\/fi\/"},{"@type":"ListItem","position":2,"name":"HENKIL\u00d6ST\u00d6MME &#8211; Vuosikertomus 2022"}]},{"@type":"WebSite","@id":"https:\/\/www.kvarken.org\/fi\/#website","url":"https:\/\/www.kvarken.org\/fi\/","name":"Kvarkenr\u00e5det","description":"","potentialAction":[{"@type":"SearchAction","target":{"@type":"EntryPoint","urlTemplate":"https:\/\/www.kvarken.org\/fi\/?s={search_term_string}"},"query-input":{"@type":"PropertyValueSpecification","valueRequired":true,"valueName":"search_term_string"}}],"inLanguage":"fi"}]}},"_links":{"self":[{"href":"https:\/\/www.kvarken.org\/fi\/wp-json\/wp\/v2\/pages\/15337","targetHints":{"allow":["GET"]}}],"collection":[{"href":"https:\/\/www.kvarken.org\/fi\/wp-json\/wp\/v2\/pages"}],"about":[{"href":"https:\/\/www.kvarken.org\/fi\/wp-json\/wp\/v2\/types\/page"}],"author":[{"embeddable":true,"href":"https:\/\/www.kvarken.org\/fi\/wp-json\/wp\/v2\/users\/2"}],"replies":[{"embeddable":true,"href":"https:\/\/www.kvarken.org\/fi\/wp-json\/wp\/v2\/comments?post=15337"}],"version-history":[{"count":13,"href":"https:\/\/www.kvarken.org\/fi\/wp-json\/wp\/v2\/pages\/15337\/revisions"}],"predecessor-version":[{"id":15957,"href":"https:\/\/www.kvarken.org\/fi\/wp-json\/wp\/v2\/pages\/15337\/revisions\/15957"}],"wp:attachment":[{"href":"https:\/\/www.kvarken.org\/fi\/wp-json\/wp\/v2\/media?parent=15337"}],"wp:term":[{"taxonomy":"amnen","embeddable":true,"href":"https:\/\/www.kvarken.org\/fi\/wp-json\/wp\/v2\/amnen?post=15337"}],"curies":[{"name":"wp","href":"https:\/\/api.w.org\/{rel}","templated":true}]}}