{"id":18732,"date":"2023-10-16T16:06:08","date_gmt":"2023-10-16T13:06:08","guid":{"rendered":"https:\/\/www.kvarken.org\/?page_id=18732"},"modified":"2023-10-16T16:08:22","modified_gmt":"2023-10-16T13:08:22","slug":"laskutus","status":"publish","type":"page","link":"https:\/\/www.kvarken.org\/fi\/laskutus\/","title":{"rendered":"Laskutus"},"content":{"rendered":"<p>[et_pb_section fb_built=&#8221;1&#8243; custom_padding_last_edited=&#8221;on|tablet&#8221; _builder_version=&#8221;4.16&#8243; _module_preset=&#8221;default&#8221; background_image=&#8221;https:\/\/www.kvarken.org\/wp-content\/uploads\/2020\/12\/Kvarkenradet_bilder_webb_header2-scaled.jpg&#8221; background_position=&#8221;bottom_right&#8221; custom_padding=&#8221;||100px||false|false&#8221; custom_padding_tablet=&#8221;||0px||false|false&#8221; custom_padding_phone=&#8221;&#8221; background_last_edited=&#8221;on|tablet&#8221; use_background_color_gradient_tablet=&#8221;on&#8221; background_color_gradient_stops_tablet=&#8221;rgba(0,42,60,0.5) 0%|rgba(0,42,60,0.5) 100%&#8221; background_color_gradient_stops_phone=&#8221;rgba(0,42,60,0.5) 0%|rgba(0,42,60,0.5) 100%&#8221; background_color_gradient_overlays_image_tablet=&#8221;on&#8221; background_color_gradient_start_tablet=&#8221;rgba(0,42,60,0.5)&#8221; background_color_gradient_start_phone=&#8221;rgba(0,42,60,0.5)&#8221; background_color_gradient_end_tablet=&#8221;rgba(0,42,60,0.5)&#8221; background_color_gradient_end_phone=&#8221;rgba(0,42,60,0.5)&#8221; background_image_tablet=&#8221;https:\/\/www.kvarken.org\/wp-content\/uploads\/2020\/12\/EdelPhoto-14-1-scaled.jpg&#8221; background_image_phone=&#8221;https:\/\/www.kvarken.org\/wp-content\/uploads\/2020\/12\/EdelPhoto-14-1-scaled.jpg&#8221; background_enable_image_tablet=&#8221;on&#8221; background_enable_image_phone=&#8221;on&#8221; parallax_tablet=&#8221;off&#8221; background_size_tablet=&#8221;cover&#8221; background_position_tablet=&#8221;top_left&#8221; background_position_phone=&#8221;top_left&#8221; custom_css_main_element=&#8221;overflow: hidden;&#8221; saved_tabs=&#8221;all&#8221; locked=&#8221;off&#8221; global_colors_info=&#8221;{}&#8221; custom_css_main_element_last_edited=&#8221;off|desktop&#8221; title_text_tablet=&#8221;EdelPhoto-12@2x&#8221; title_text_phone=&#8221;EdelPhoto-12@2x&#8221;][et_pb_row _builder_version=&#8221;4.16&#8243; _module_preset=&#8221;default&#8221; background_color=&#8221;rgba(0,0,0,0)&#8221; background_enable_image=&#8221;off&#8221; background_position=&#8221;bottom_center&#8221; positioning=&#8221;absolute&#8221; position_origin_a=&#8221;center_left&#8221; horizontal_offset=&#8221;-194px&#8221; z_index=&#8221;2&#8243; width=&#8221;1500px&#8221; max_width=&#8221;75%&#8221; height=&#8221;711px&#8221; custom_margin=&#8221;||||false|false&#8221; custom_margin_tablet=&#8221;|-500px|||false|false&#8221; custom_margin_phone=&#8221;|-600px|||false|false&#8221; custom_margin_last_edited=&#8221;on|phone&#8221; scroll_vertical_motion=&#8221;0|50|50|100|4|0|1&#8243; global_colors_info=&#8221;{}&#8221;][et_pb_column type=&#8221;4_4&#8243; _builder_version=&#8221;4.16&#8243; _module_preset=&#8221;default&#8221; global_colors_info=&#8221;{}&#8221;][et_pb_image src=&#8221;https:\/\/www.kvarken.org\/wp-content\/uploads\/2020\/11\/Form3_morkbla.png&#8221; alt=&#8221;Form3_morkbla&#8221; title_text=&#8221;Form3_morkbla&#8221; disabled_on=&#8221;on|on|off&#8221; _builder_version=&#8221;4.16&#8243; _module_preset=&#8221;default&#8221; positioning=&#8221;absolute&#8221; position_origin_a=&#8221;center_left&#8221; horizontal_offset=&#8221;-140px&#8221; horizontal_offset_tablet=&#8221;&#8221; horizontal_offset_phone=&#8221;-257px&#8221; horizontal_offset_last_edited=&#8221;on|phone&#8221; position_origin_a_tablet=&#8221;&#8221; position_origin_a_phone=&#8221;center_center&#8221; position_origin_a_last_edited=&#8221;on|phone&#8221; position_origin_f_tablet=&#8221;&#8221; position_origin_f_phone=&#8221;&#8221; position_origin_f_last_edited=&#8221;on|phone&#8221; position_origin_r_tablet=&#8221;&#8221; position_origin_r_phone=&#8221;&#8221; position_origin_r_last_edited=&#8221;on|phone&#8221; width=&#8221;100%&#8221; width_tablet=&#8221;1200px&#8221; width_phone=&#8221;&#8221; width_last_edited=&#8221;on|phone&#8221; max_width=&#8221;75vw&#8221; max_width_tablet=&#8221;150%&#8221; max_width_phone=&#8221;910px&#8221; max_width_last_edited=&#8221;on|phone&#8221; min_height=&#8221;1300px&#8221; min_height_tablet=&#8221;600px&#8221; min_height_phone=&#8221;&#8221; min_height_last_edited=&#8221;on|tablet&#8221; custom_margin_tablet=&#8221;-120px||||false|false&#8221; custom_margin_phone=&#8221;&#8221; custom_margin_last_edited=&#8221;on|phone&#8221; positioning_tablet=&#8221;&#8221; positioning_phone=&#8221;&#8221; positioning_last_edited=&#8221;on|phone&#8221; global_colors_info=&#8221;{}&#8221;][\/et_pb_image][\/et_pb_column][\/et_pb_row][et_pb_row _builder_version=&#8221;4.16&#8243; _module_preset=&#8221;default&#8221; global_colors_info=&#8221;{}&#8221;][et_pb_column type=&#8221;4_4&#8243; _builder_version=&#8221;4.16&#8243; _module_preset=&#8221;default&#8221; global_colors_info=&#8221;{}&#8221;][et_pb_text _builder_version=&#8221;4.20.4&#8243; _module_preset=&#8221;default&#8221; text_text_color=&#8221;#ffffff&#8221; header_font=&#8221;|300|||||||&#8221; header_text_color=&#8221;#ffffff&#8221; header_font_size=&#8221;54px&#8221; header_line_height=&#8221;1.2em&#8221; module_alignment=&#8221;center&#8221; custom_margin=&#8221;||20px||false|false&#8221; custom_padding=&#8221;||||false|false&#8221; header_font_size_tablet=&#8221;54px&#8221; header_font_size_phone=&#8221;42px&#8221; header_font_size_last_edited=&#8221;on|phone&#8221; global_colors_info=&#8221;{}&#8221;]<\/p>\n<h1>Laskutus<\/h1>\n<p>[\/et_pb_text][\/et_pb_column][\/et_pb_row][\/et_pb_section][et_pb_section fb_built=&#8221;1&#8243; _builder_version=&#8221;4.16&#8243; _module_preset=&#8221;default&#8221; custom_margin=&#8221;0px||||false|false&#8221; custom_padding=&#8221;0px||||false|false&#8221; global_colors_info=&#8221;{}&#8221;][et_pb_row _builder_version=&#8221;4.16&#8243; _module_preset=&#8221;default&#8221; positioning=&#8221;absolute&#8221; position_origin_a=&#8221;center_left&#8221; z_index=&#8221;14&#8243; width=&#8221;100%&#8221; max_width=&#8221;100%&#8221; collapsed=&#8221;off&#8221; global_colors_info=&#8221;{}&#8221;][et_pb_column type=&#8221;4_4&#8243; _builder_version=&#8221;4.16&#8243; _module_preset=&#8221;default&#8221; global_colors_info=&#8221;{}&#8221;][et_pb_image alt=&#8221;Czech Solutions for Electric Aviation&#8221; title_text=&#8221;Hojdkurvor_03&#8243; _builder_version=&#8221;4.20.4&#8243; _module_preset=&#8221;default&#8221; positioning=&#8221;absolute&#8221; position_origin_a=&#8221;center_left&#8221; horizontal_offset=&#8221;-460px&#8221; width=&#8221;680px&#8221; hover_enabled=&#8221;0&#8243; global_colors_info=&#8221;{}&#8221; sticky_enabled=&#8221;0&#8243;][\/et_pb_image][\/et_pb_column][\/et_pb_row][et_pb_row custom_padding_last_edited=&#8221;on|phone&#8221; _builder_version=&#8221;4.16&#8243; _module_preset=&#8221;default&#8221; custom_padding=&#8221;|40px||40px|false|false&#8221; custom_padding_tablet=&#8221;|0px||0px|false|false&#8221; custom_padding_phone=&#8221;|0px||0px|false|false&#8221; collapsed=&#8221;off&#8221; global_colors_info=&#8221;{}&#8221; custom_css_main_element_last_edited=&#8221;on|tablet&#8221; custom_css_main_element_tablet=&#8221;display: flex;||flex-direction: column-reverse;&#8221; custom_css_main_element_phone=&#8221;display: flex;||flex-direction: column-reverse;&#8221;][et_pb_column type=&#8221;4_4&#8243; _builder_version=&#8221;4.16&#8243; _module_preset=&#8221;default&#8221; global_colors_info=&#8221;{}&#8221;][et_pb_text content_last_edited=&#8221;off|desktop&#8221; module_id=&#8221;kommunikationsassistent&#8221; _builder_version=&#8221;4.20.4&#8243; _module_preset=&#8221;default&#8221; text_font=&#8221;|300|||||||&#8221; header_2_font_size_tablet=&#8221;&#8221; header_2_font_size_phone=&#8221;16px&#8221; header_2_font_size_last_edited=&#8221;on|phone&#8221; global_colors_info=&#8221;{}&#8221;][\/et_pb_text][et_pb_text content_last_edited=&#8221;off|desktop&#8221; module_id=&#8221;kommunikationsassistent&#8221; _builder_version=&#8221;4.20.4&#8243; _module_preset=&#8221;default&#8221; text_font=&#8221;|300|||||||&#8221; header_2_font_size_tablet=&#8221;&#8221; header_2_font_size_phone=&#8221;16px&#8221; header_2_font_size_last_edited=&#8221;on|phone&#8221; global_colors_info=&#8221;{}&#8221;]<\/p>\n<h2>Laskujen vastaanotto<\/h2>\n<p><span data-contrast=\"auto\"><strong>Verkkolaskuna<\/strong>: 003731762075<br \/><strong>Verkkolaskujen v\u00e4litt\u00e4j\u00e4<\/strong>: 003708599126 (OpenText)<br \/><strong>S\u00e4hk\u00f6postitse<\/strong>: fennoa.502340@erin.posti.com<br \/><strong>Postitse<\/strong>:<br \/>Merenkurkun neuvosto EAYY \/ Kvarkenr\u00e5det EGTS<br \/>PL 66623<br \/>01051 LASKUT<\/span><\/p>\n<p>[\/et_pb_text][\/et_pb_column][\/et_pb_row][\/et_pb_section][et_pb_section fb_built=&#8221;1&#8243; _builder_version=&#8221;4.20.4&#8243; _module_preset=&#8221;default&#8221; collapsed=&#8221;off&#8221; global_colors_info=&#8221;{}&#8221;][\/et_pb_section]<\/p>\n","protected":false},"excerpt":{"rendered":"<p>LaskutusLaskujen vastaanotto Verkkolaskuna: 003731762075Verkkolaskujen v\u00e4litt\u00e4j\u00e4: 003708599126 (OpenText)S\u00e4hk\u00f6postitse: fennoa.502340@erin.posti.comPostitse:Merenkurkun neuvosto EAYY \/ Kvarkenr\u00e5det EGTSPL 6662301051 LASKUT<\/p>\n","protected":false},"author":6,"featured_media":0,"parent":0,"menu_order":0,"comment_status":"closed","ping_status":"closed","template":"","meta":{"_acf_changed":false,"_et_pb_use_builder":"on","_et_pb_old_content":"","_et_gb_content_width":"","footnotes":""},"amnen":[],"class_list":["post-18732","page","type-page","status-publish","hentry"],"acf":[],"yoast_head":"<!-- This site is optimized with the Yoast SEO plugin v27.3 - https:\/\/yoast.com\/product\/yoast-seo-wordpress\/ -->\n<title>Laskutus - Kvarkenr\u00e5det<\/title>\n<meta name=\"robots\" content=\"index, follow, max-snippet:-1, max-image-preview:large, max-video-preview:-1\" \/>\n<link rel=\"canonical\" href=\"https:\/\/www.kvarken.org\/fi\/laskutus\/\" \/>\n<meta property=\"og:locale\" content=\"fi_FI\" \/>\n<meta property=\"og:type\" content=\"article\" \/>\n<meta property=\"og:title\" content=\"Laskutus - Kvarkenr\u00e5det\" \/>\n<meta property=\"og:description\" content=\"LaskutusLaskujen vastaanotto Verkkolaskuna: 003731762075Verkkolaskujen v\u00e4litt\u00e4j\u00e4: 003708599126 (OpenText)S\u00e4hk\u00f6postitse: fennoa.502340@erin.posti.comPostitse:Merenkurkun neuvosto EAYY \/ Kvarkenr\u00e5det EGTSPL 6662301051 LASKUT\" \/>\n<meta property=\"og:url\" content=\"https:\/\/www.kvarken.org\/fi\/laskutus\/\" \/>\n<meta property=\"og:site_name\" content=\"Kvarkenr\u00e5det\" \/>\n<meta property=\"article:modified_time\" content=\"2023-10-16T13:08:22+00:00\" \/>\n<meta name=\"twitter:card\" content=\"summary_large_image\" \/>\n<meta name=\"twitter:label1\" content=\"Arvioitu lukuaika\" \/>\n\t<meta name=\"twitter:data1\" content=\"2 minuuttia\" \/>\n<script type=\"application\/ld+json\" class=\"yoast-schema-graph\">{\"@context\":\"https:\\\/\\\/schema.org\",\"@graph\":[{\"@type\":\"WebPage\",\"@id\":\"https:\\\/\\\/www.kvarken.org\\\/fi\\\/laskutus\\\/\",\"url\":\"https:\\\/\\\/www.kvarken.org\\\/fi\\\/laskutus\\\/\",\"name\":\"Laskutus - Kvarkenr\u00e5det\",\"isPartOf\":{\"@id\":\"https:\\\/\\\/www.kvarken.org\\\/fi\\\/#website\"},\"datePublished\":\"2023-10-16T13:06:08+00:00\",\"dateModified\":\"2023-10-16T13:08:22+00:00\",\"breadcrumb\":{\"@id\":\"https:\\\/\\\/www.kvarken.org\\\/fi\\\/laskutus\\\/#breadcrumb\"},\"inLanguage\":\"fi\",\"potentialAction\":[{\"@type\":\"ReadAction\",\"target\":[\"https:\\\/\\\/www.kvarken.org\\\/fi\\\/laskutus\\\/\"]}]},{\"@type\":\"BreadcrumbList\",\"@id\":\"https:\\\/\\\/www.kvarken.org\\\/fi\\\/laskutus\\\/#breadcrumb\",\"itemListElement\":[{\"@type\":\"ListItem\",\"position\":1,\"name\":\"Hem\",\"item\":\"https:\\\/\\\/www.kvarken.org\\\/fi\\\/\"},{\"@type\":\"ListItem\",\"position\":2,\"name\":\"Laskutus\"}]},{\"@type\":\"WebSite\",\"@id\":\"https:\\\/\\\/www.kvarken.org\\\/fi\\\/#website\",\"url\":\"https:\\\/\\\/www.kvarken.org\\\/fi\\\/\",\"name\":\"Kvarkenr\u00e5det\",\"description\":\"\",\"potentialAction\":[{\"@type\":\"SearchAction\",\"target\":{\"@type\":\"EntryPoint\",\"urlTemplate\":\"https:\\\/\\\/www.kvarken.org\\\/fi\\\/?s={search_term_string}\"},\"query-input\":{\"@type\":\"PropertyValueSpecification\",\"valueRequired\":true,\"valueName\":\"search_term_string\"}}],\"inLanguage\":\"fi\"}]}<\/script>\n<!-- \/ Yoast SEO plugin. -->","yoast_head_json":{"title":"Laskutus - Kvarkenr\u00e5det","robots":{"index":"index","follow":"follow","max-snippet":"max-snippet:-1","max-image-preview":"max-image-preview:large","max-video-preview":"max-video-preview:-1"},"canonical":"https:\/\/www.kvarken.org\/fi\/laskutus\/","og_locale":"fi_FI","og_type":"article","og_title":"Laskutus - Kvarkenr\u00e5det","og_description":"LaskutusLaskujen vastaanotto Verkkolaskuna: 003731762075Verkkolaskujen v\u00e4litt\u00e4j\u00e4: 003708599126 (OpenText)S\u00e4hk\u00f6postitse: fennoa.502340@erin.posti.comPostitse:Merenkurkun neuvosto EAYY \/ Kvarkenr\u00e5det EGTSPL 6662301051 LASKUT","og_url":"https:\/\/www.kvarken.org\/fi\/laskutus\/","og_site_name":"Kvarkenr\u00e5det","article_modified_time":"2023-10-16T13:08:22+00:00","twitter_card":"summary_large_image","twitter_misc":{"Arvioitu lukuaika":"2 minuuttia"},"schema":{"@context":"https:\/\/schema.org","@graph":[{"@type":"WebPage","@id":"https:\/\/www.kvarken.org\/fi\/laskutus\/","url":"https:\/\/www.kvarken.org\/fi\/laskutus\/","name":"Laskutus - Kvarkenr\u00e5det","isPartOf":{"@id":"https:\/\/www.kvarken.org\/fi\/#website"},"datePublished":"2023-10-16T13:06:08+00:00","dateModified":"2023-10-16T13:08:22+00:00","breadcrumb":{"@id":"https:\/\/www.kvarken.org\/fi\/laskutus\/#breadcrumb"},"inLanguage":"fi","potentialAction":[{"@type":"ReadAction","target":["https:\/\/www.kvarken.org\/fi\/laskutus\/"]}]},{"@type":"BreadcrumbList","@id":"https:\/\/www.kvarken.org\/fi\/laskutus\/#breadcrumb","itemListElement":[{"@type":"ListItem","position":1,"name":"Hem","item":"https:\/\/www.kvarken.org\/fi\/"},{"@type":"ListItem","position":2,"name":"Laskutus"}]},{"@type":"WebSite","@id":"https:\/\/www.kvarken.org\/fi\/#website","url":"https:\/\/www.kvarken.org\/fi\/","name":"Kvarkenr\u00e5det","description":"","potentialAction":[{"@type":"SearchAction","target":{"@type":"EntryPoint","urlTemplate":"https:\/\/www.kvarken.org\/fi\/?s={search_term_string}"},"query-input":{"@type":"PropertyValueSpecification","valueRequired":true,"valueName":"search_term_string"}}],"inLanguage":"fi"}]}},"_links":{"self":[{"href":"https:\/\/www.kvarken.org\/fi\/wp-json\/wp\/v2\/pages\/18732","targetHints":{"allow":["GET"]}}],"collection":[{"href":"https:\/\/www.kvarken.org\/fi\/wp-json\/wp\/v2\/pages"}],"about":[{"href":"https:\/\/www.kvarken.org\/fi\/wp-json\/wp\/v2\/types\/page"}],"author":[{"embeddable":true,"href":"https:\/\/www.kvarken.org\/fi\/wp-json\/wp\/v2\/users\/6"}],"replies":[{"embeddable":true,"href":"https:\/\/www.kvarken.org\/fi\/wp-json\/wp\/v2\/comments?post=18732"}],"version-history":[{"count":12,"href":"https:\/\/www.kvarken.org\/fi\/wp-json\/wp\/v2\/pages\/18732\/revisions"}],"predecessor-version":[{"id":18773,"href":"https:\/\/www.kvarken.org\/fi\/wp-json\/wp\/v2\/pages\/18732\/revisions\/18773"}],"wp:attachment":[{"href":"https:\/\/www.kvarken.org\/fi\/wp-json\/wp\/v2\/media?parent=18732"}],"wp:term":[{"taxonomy":"amnen","embeddable":true,"href":"https:\/\/www.kvarken.org\/fi\/wp-json\/wp\/v2\/amnen?post=18732"}],"curies":[{"name":"wp","href":"https:\/\/api.w.org\/{rel}","templated":true}]}}